{"id":1549,"date":"2015-10-21T16:13:47","date_gmt":"2015-10-21T14:13:47","guid":{"rendered":"https:\/\/www.bel-invest.com\/?page_id=1549"},"modified":"2018-06-14T00:37:59","modified_gmt":"2018-06-13T22:37:59","slug":"mercati","status":"publish","type":"page","link":"https:\/\/www.bel-invest.com\/it\/mercati\/","title":{"rendered":"Mercati"},"content":{"rendered":"<div class=\"fusion-fullwidth fullwidth-box fusion-parallax-none hundred-percent-fullwidth relative bel-top-image-row\" style=\"border-color:#eae9e9;border-bottom-width: 0px;border-top-width: 0px;border-bottom-style: solid;border-top-style: solid;padding-bottom:0px;padding-left:0px;padding-right:0px;padding-top:0px;background-position:left top;background-repeat:no-repeat;-webkit-background-size:cover;-moz-background-size:cover;-o-background-size:cover;background-size:cover;\"><div class=\"fusion-row\"><span class=\"fusion-imageframe imageframe-none imageframe-1 bel-top-image\"> <img data-original=\"https:\/\/www.bel-invest.com\/wp-content\/uploads\/2015\/10\/world.jpg\" alt=\"\" class=\"img-responsive belLazyLoad\"\/><\/span><div class=\"fusion-one-full fusion-layout-column fusion-column-last fusion-spacing-yes bel-top-text white bel-offer\" style=\"margin-top:0px;margin-bottom:20px;\"><div class=\"fusion-column-wrapper\"><h2 style=\"text-align: center;\">Le grandi opportunit\u00e0 si possono<br \/>\ncogliere anticipando le tendenze di mercato.<\/h2>\n<h3 style=\"text-align: center;\">Selezioniamo\u00a0sempre le tipologie d`investimento pi\u00f9\u00a0appropriate<br \/>\ned entriamo (ed usciamo)\u00a0dai mercati nei momenti\u00a0pi\u00f9 propizi.<\/h3>\n<div class=\"fusion-button-wrapper\"><style type=\"text\/css\" scoped=\"scoped\">.fusion-button.button-1{border-width:0px;color:#ffffff;border-color:#ffffff;}.fusion-button.button-1:hover,.fusion-button.button-1:focus,.fusion-button.button-1:active{border-width:0px;border-color:#ffffff;color:#ffffff;}.fusion-button.button-1{background: #b1111d;}.fusion-button.button-1:hover,.button-1:focus,.fusion-button.button-1:active{background: #b1111d;}<\/style><a class=\"fusion-button button-flat button-square button-large button-custom button-1\" target=\"_self\" href=\"\/progetti\"><span class=\"fusion-button-text\">I nostri progetti<\/span><\/a><\/div><\/div><\/div><div class=\"fusion-clearfix\"><\/div><\/div><\/div><div class=\"fusion-fullwidth fullwidth-box fusion-parallax-none\" style=\"border-color:#eae9e9;border-bottom-width: 0px;border-top-width: 0px;border-bottom-style: solid;border-top-style: solid;padding-bottom:60px;padding-left:0px;padding-right:0px;padding-top:90px;background-color:#ffffff;background-position:left top;background-repeat:no-repeat;-webkit-background-size:cover;-moz-background-size:cover;-o-background-size:cover;background-size:cover;\"><div class=\"fusion-row\"><div class=\"fusion-menu-anchor\" id=\"Germany\"><\/div><div class=\"fusion-one-half fusion-layout-column fusion-spacing-yes\" style=\"margin-top:0px;margin-bottom:20px;\"><div class=\"fusion-column-wrapper\" style=\"padding:0px;\"><div class=\"imageframe-align-center\"><span class=\"fusion-imageframe imageframe-none imageframe-2\"> <img data-original=\"https:\/\/www.bel-invest.com\/wp-content\/uploads\/2015\/10\/berlin.jpg\" alt=\"\" class=\"img-responsive belLazyLoad\"\/><\/span><\/div><\/div><\/div><div class=\"fusion-one-half fusion-layout-column fusion-column-last fusion-spacing-yes home-call\" style=\"margin-top:0px;margin-bottom:20px;\"><div class=\"fusion-column-wrapper\"><h5>Principali\u00a0motivi per investire<\/h5>\n<h3>Mercato immobiliare<br \/>\nTedesco<\/h3>\n<ul class=\"fusion-checklist fusion-checklist-1 home-call\" style=\"font-size:13px;line-height:22.1px;\"><li class=\"fusion-li-item\"><span style=\"height:22.1px;width:22.1px;margin-right:9.1px;\" class=\"icon-wrapper circle-no\"><i class=\"fusion-li-icon fa fa-star\" style=\"color:#a3a3a3;\"><\/i><\/span><div class=\"fusion-li-item-content\">Un\u2019economia di punta con un clima economico positivo e bassa disoccupazione;<\/div><\/li><li class=\"fusion-li-item\"><span style=\"height:22.1px;width:22.1px;margin-right:9.1px;\" class=\"icon-wrapper circle-no\"><i class=\"fusion-li-icon fa fa-star\" style=\"color:#a3a3a3;\"><\/i><\/span><div class=\"fusion-li-item-content\">il forte appetito degli investitori dimostra l\u2019attrattiva del mercato tedesco;<\/div><\/li><li class=\"fusion-li-item\"><span style=\"height:22.1px;width:22.1px;margin-right:9.1px;\" class=\"icon-wrapper circle-no\"><i class=\"fusion-li-icon fa fa-star\" style=\"color:#a3a3a3;\"><\/i><\/span><div class=\"fusion-li-item-content\">la stabilit\u00e0 strutturale minimizza i rischi esterni;<\/div><\/li><li class=\"fusion-li-item\"><span style=\"height:22.1px;width:22.1px;margin-right:9.1px;\" class=\"icon-wrapper circle-no\"><i class=\"fusion-li-icon fa fa-star\" style=\"color:#a3a3a3;\"><\/i><\/span><div class=\"fusion-li-item-content\">mercato liquido e sicurezza della solvibilit\u00e0 del locatario;<\/div><\/li><li class=\"fusion-li-item\"><span style=\"height:22.1px;width:22.1px;margin-right:9.1px;\" class=\"icon-wrapper circle-no\"><i class=\"fusion-li-icon fa fa-star\" style=\"color:#a3a3a3;\"><\/i><\/span><div class=\"fusion-li-item-content\">basso tasso di propriet\u00e0 frazionata.<\/div><\/li><\/ul><\/div><\/div><div class=\"fusion-clearfix\"><\/div><\/div><\/div><div class=\"fusion-fullwidth fullwidth-box fusion-parallax-none\" style=\"border-color:#eae9e9;border-bottom-width: 0px;border-top-width: 0px;border-bottom-style: solid;border-top-style: solid;padding-bottom:40px;padding-left:0px;padding-right:0px;padding-top:90px;background-color:#f4f4f4;background-position:left top;background-repeat:no-repeat;-webkit-background-size:cover;-moz-background-size:cover;-o-background-size:cover;background-size:cover;\"><div class=\"fusion-row\"><div class=\"fusion-menu-anchor\" id=\"Spain\"><\/div><div class=\"fusion-one-half fusion-layout-column fusion-spacing-yes home-call\" style=\"margin-top:0px;margin-bottom:20px;\"><div class=\"fusion-column-wrapper\"><h5>Principali motivi per investire<\/h5>\n<h3>Mercato immobiliare<br \/>\nSpagnolo<\/h3>\n<ul class=\"fusion-checklist fusion-checklist-2 home-call\" style=\"font-size:13px;line-height:22.1px;\"><li class=\"fusion-li-item\"><span style=\"height:22.1px;width:22.1px;margin-right:9.1px;\" class=\"icon-wrapper circle-no\"><i class=\"fusion-li-icon fa fa-star\" style=\"color:#a3a3a3;\"><\/i><\/span><div class=\"fusion-li-item-content\">Rapporto favorevole tra opportunit\u00e0 e prezzo di acquisto;<\/div><\/li><li class=\"fusion-li-item\"><span style=\"height:22.1px;width:22.1px;margin-right:9.1px;\" class=\"icon-wrapper circle-no\"><i class=\"fusion-li-icon fa fa-star\" style=\"color:#a3a3a3;\"><\/i><\/span><div class=\"fusion-li-item-content\">importanti riforme strutturali in corso;<\/div><\/li><li class=\"fusion-li-item\"><span style=\"height:22.1px;width:22.1px;margin-right:9.1px;\" class=\"icon-wrapper circle-no\"><i class=\"fusion-li-icon fa fa-star\" style=\"color:#a3a3a3;\"><\/i><\/span><div class=\"fusion-li-item-content\">una porta verso l\u2019Europa, l\u2019America Latina e il Nord Africa;<\/div><\/li><li class=\"fusion-li-item\"><span style=\"height:22.1px;width:22.1px;margin-right:9.1px;\" class=\"icon-wrapper circle-no\"><i class=\"fusion-li-icon fa fa-star\" style=\"color:#a3a3a3;\"><\/i><\/span><div class=\"fusion-li-item-content\">una delle principali mete turistiche del mondo;<\/div><\/li><li class=\"fusion-li-item\"><span style=\"height:22.1px;width:22.1px;margin-right:9.1px;\" class=\"icon-wrapper circle-no\"><i class=\"fusion-li-icon fa fa-star\" style=\"color:#a3a3a3;\"><\/i><\/span><div class=\"fusion-li-item-content\">per le sue imprese competitive e leader del mercato.<\/div><\/li><\/ul><\/div><\/div><div class=\"fusion-one-half fusion-layout-column fusion-column-last fusion-spacing-yes\" style=\"margin-top:0px;margin-bottom:20px;\"><div class=\"fusion-column-wrapper\" style=\"padding:0px;\"><div class=\"imageframe-align-center\"><span class=\"fusion-imageframe imageframe-none imageframe-3\"> <img data-original=\"https:\/\/www.bel-invest.com\/wp-content\/uploads\/2015\/10\/barcelona.jpg\" alt=\"\" class=\"img-responsive belLazyLoad\"\/><\/span><\/div><\/div><\/div><div class=\"fusion-clearfix\"><\/div><\/div><\/div><div class=\"fusion-fullwidth fullwidth-box fusion-parallax-none\" style=\"border-color:#eae9e9;border-bottom-width: 0px;border-top-width: 0px;border-bottom-style: solid;border-top-style: solid;padding-bottom:60px;padding-left:0px;padding-right:0px;padding-top:90px;background-color:#ffffff;background-position:left top;background-repeat:no-repeat;-webkit-background-size:cover;-moz-background-size:cover;-o-background-size:cover;background-size:cover;\"><div class=\"fusion-row\"><div class=\"fusion-menu-anchor\" id=\"Italy\"><\/div><div class=\"fusion-one-half fusion-layout-column fusion-spacing-yes\" style=\"margin-top:0px;margin-bottom:20px;\"><div class=\"fusion-column-wrapper\" style=\"padding:0px;\"><div class=\"imageframe-align-center\"><span class=\"fusion-imageframe imageframe-none imageframe-4\"> <img data-original=\"https:\/\/www.bel-invest.com\/wp-content\/uploads\/2015\/10\/milano.jpg\" alt=\"\" class=\"img-responsive belLazyLoad\"\/><\/span><\/div><\/div><\/div><div class=\"fusion-one-half fusion-layout-column fusion-column-last fusion-spacing-yes home-call\" style=\"margin-top:0px;margin-bottom:20px;\"><div class=\"fusion-column-wrapper\"><h5>Principali motivi per investire<\/h5>\n<h3>Mercato immobiliare<br \/>\nItaliano<\/h3>\n<ul class=\"fusion-checklist fusion-checklist-3 home-call\" style=\"font-size:13px;line-height:22.1px;\"><li class=\"fusion-li-item\"><span style=\"height:22.1px;width:22.1px;margin-right:9.1px;\" class=\"icon-wrapper circle-no\"><i class=\"fusion-li-icon fa fa-star\" style=\"color:#a3a3a3;\"><\/i><\/span><div class=\"fusion-li-item-content\">Una delle maggiori economie del mondo;<\/div><\/li><li class=\"fusion-li-item\"><span style=\"height:22.1px;width:22.1px;margin-right:9.1px;\" class=\"icon-wrapper circle-no\"><i class=\"fusion-li-icon fa fa-star\" style=\"color:#a3a3a3;\"><\/i><\/span><div class=\"fusion-li-item-content\">un\u2019economia diversificata;<\/div><\/li><li class=\"fusion-li-item\"><span style=\"height:22.1px;width:22.1px;margin-right:9.1px;\" class=\"icon-wrapper circle-no\"><i class=\"fusion-li-icon fa fa-star\" style=\"color:#a3a3a3;\"><\/i><\/span><div class=\"fusion-li-item-content\">un\u2019elevata ricchezza privata;<\/div><\/li><li class=\"fusion-li-item\"><span style=\"height:22.1px;width:22.1px;margin-right:9.1px;\" class=\"icon-wrapper circle-no\"><i class=\"fusion-li-icon fa fa-star\" style=\"color:#a3a3a3;\"><\/i><\/span><div class=\"fusion-li-item-content\">un settore bancario sano;<\/div><\/li><li class=\"fusion-li-item\"><span style=\"height:22.1px;width:22.1px;margin-right:9.1px;\" class=\"icon-wrapper circle-no\"><i class=\"fusion-li-icon fa fa-star\" style=\"color:#a3a3a3;\"><\/i><\/span><div class=\"fusion-li-item-content\">prezzi ai minimi storici ed un aumento del volumi di compravendite.<\/div><\/li><\/ul><\/div><\/div><div class=\"fusion-clearfix\"><\/div><\/div><\/div><div class=\"fusion-fullwidth fullwidth-box fusion-parallax-none\" style=\"border-color:#eae9e9;border-bottom-width: 0px;border-top-width: 0px;border-bottom-style: solid;border-top-style: solid;padding-bottom:40px;padding-left:0px;padding-right:0px;padding-top:90px;background-color:#f4f4f4;background-position:left top;background-repeat:no-repeat;-webkit-background-size:cover;-moz-background-size:cover;-o-background-size:cover;background-size:cover;\"><div class=\"fusion-row\"><div class=\"fusion-menu-anchor\" id=\"Miami\"><\/div><div class=\"fusion-one-half fusion-layout-column fusion-spacing-yes home-call\" style=\"margin-top:0px;margin-bottom:20px;\"><div class=\"fusion-column-wrapper\"><h5>Principali motivi per investire<\/h5>\n<h3>Mercato immobiliare<br \/>\ndella Florida<\/h3>\n<ul class=\"fusion-checklist fusion-checklist-4 home-call\" style=\"font-size:13px;line-height:22.1px;\"><li class=\"fusion-li-item\"><span style=\"height:22.1px;width:22.1px;margin-right:9.1px;\" class=\"icon-wrapper circle-no\"><i class=\"fusion-li-icon fa fa-star\" style=\"color:#a3a3a3;\"><\/i><\/span><div class=\"fusion-li-item-content\">Centro d\u2019affari panamericano;<\/div><\/li><li class=\"fusion-li-item\"><span style=\"height:22.1px;width:22.1px;margin-right:9.1px;\" class=\"icon-wrapper circle-no\"><i class=\"fusion-li-icon fa fa-star\" style=\"color:#a3a3a3;\"><\/i><\/span><div class=\"fusion-li-item-content\">importante meta turistica;<\/div><\/li><li class=\"fusion-li-item\"><span style=\"height:22.1px;width:22.1px;margin-right:9.1px;\" class=\"icon-wrapper circle-no\"><i class=\"fusion-li-icon fa fa-star\" style=\"color:#a3a3a3;\"><\/i><\/span><div class=\"fusion-li-item-content\">tra i pi\u00f9 importanti mercati immobiliari degli U.S.A.;<\/div><\/li><li class=\"fusion-li-item\"><span style=\"height:22.1px;width:22.1px;margin-right:9.1px;\" class=\"icon-wrapper circle-no\"><i class=\"fusion-li-icon fa fa-star\" style=\"color:#a3a3a3;\"><\/i><\/span><div class=\"fusion-li-item-content\">Miami \u00e8 la citt\u00e0 pi\u00f9 internazionale degli Stati Uniti;<\/div><\/li><li class=\"fusion-li-item\"><span style=\"height:22.1px;width:22.1px;margin-right:9.1px;\" class=\"icon-wrapper circle-no\"><i class=\"fusion-li-icon fa fa-star\" style=\"color:#a3a3a3;\"><\/i><\/span><div class=\"fusion-li-item-content\">forte trend positivo di sviluppo urbanistico e demografico.<\/div><\/li><\/ul><\/div><\/div><div class=\"fusion-one-half fusion-layout-column fusion-column-last fusion-spacing-yes\" style=\"margin-top:0px;margin-bottom:20px;\"><div class=\"fusion-column-wrapper\" style=\"padding:0px;\"><div class=\"imageframe-align-center\"><span class=\"fusion-imageframe imageframe-none imageframe-5\"> <img data-original=\"https:\/\/www.bel-invest.com\/wp-content\/uploads\/2015\/10\/miami.jpg\" alt=\"\" class=\"img-responsive belLazyLoad\"\/><\/span><\/div><\/div><\/div><div class=\"fusion-clearfix\"><\/div><\/div><\/div><div class=\"fusion-fullwidth fullwidth-box fusion-parallax-fixed hundred-percent-fullwidth bel-hero-future-wrapper\" style=\"border-color:#e5e4e4;border-bottom-width: 0px;border-top-width: 0px;border-bottom-style: solid;border-top-style: solid;padding-bottom:0px;padding-left:0px;padding-right:0px;padding-top:15px;background-attachment:fixed;background-position:left top;background-repeat:no-repeat;-webkit-background-size:cover;-moz-background-size:cover;-o-background-size:cover;background-size:cover;\"><div class=\"fusion-row\"><div class=\"bel-hero-future parallax background\" data-img-width=\"1600\" data-img-height=\"465\" data-diff=\"200\">\n<div class=\"arrow\"><\/div>\n<div>\n<h2>Il futuro dell'immobiliare \u00e8 qui!<\/h2>\n<hr \/>\n<div class=\"boxes\">\n<div class=\"box\">\n<p>Investitori<a class=\"bel-button\" href=\"\/wp-login.php?action=register\">Apri il tuo account<\/a><\/p>\n<\/div>\n<div class=\"box\">\n<p>Professionisti<a class=\"bel-button orange\" href=\"\/wp-login.php\">Area riservata<\/a><\/p>\n<\/div>\n<\/div>\n<\/div>\n<\/div>\n<\/div><\/div>\n","protected":false},"excerpt":{"rendered":"","protected":false},"author":1,"featured_media":0,"parent":0,"menu_order":0,"comment_status":"closed","ping_status":"closed","template":"100-width.php","meta":{"_acf_changed":false,"_exactmetrics_skip_tracking":false,"_exactmetrics_sitenote_active":false,"_exactmetrics_sitenote_note":"","_exactmetrics_sitenote_category":0,"footnotes":""},"class_list":["post-1549","page","type-page","status-publish","hentry"],"acf":[],"_links":{"self":[{"href":"https:\/\/www.bel-invest.com\/it\/wp-json\/wp\/v2\/pages\/1549","targetHints":{"allow":["GET"]}}],"collection":[{"href":"https:\/\/www.bel-invest.com\/it\/wp-json\/wp\/v2\/pages"}],"about":[{"href":"https:\/\/www.bel-invest.com\/it\/wp-json\/wp\/v2\/types\/page"}],"author":[{"embeddable":true,"href":"https:\/\/www.bel-invest.com\/it\/wp-json\/wp\/v2\/users\/1"}],"replies":[{"embeddable":true,"href":"https:\/\/www.bel-invest.com\/it\/wp-json\/wp\/v2\/comments?post=1549"}],"version-history":[{"count":45,"href":"https:\/\/www.bel-invest.com\/it\/wp-json\/wp\/v2\/pages\/1549\/revisions"}],"predecessor-version":[{"id":7561,"href":"https:\/\/www.bel-invest.com\/it\/wp-json\/wp\/v2\/pages\/1549\/revisions\/7561"}],"wp:attachment":[{"href":"https:\/\/www.bel-invest.com\/it\/wp-json\/wp\/v2\/media?parent=1549"}],"curies":[{"name":"wp","href":"https:\/\/api.w.org\/{rel}","templated":true}]}}