{"id":12,"date":"2015-05-06T01:38:02","date_gmt":"2015-05-05T23:38:02","guid":{"rendered":"https:\/\/www.bel-invest.com\/?page_id=12"},"modified":"2018-01-22T22:42:13","modified_gmt":"2018-01-22T21:42:13","slug":"bel-basic","status":"publish","type":"page","link":"https:\/\/www.bel-invest.com\/it\/bel-basic\/","title":{"rendered":"Bel Basic"},"content":{"rendered":"<div class=\"fusion-fullwidth fullwidth-box fusion-parallax-none hundred-percent-fullwidth relative bel-top-image-row\" style=\"border-color:#eae9e9;border-bottom-width: 0px;border-top-width: 0px;border-bottom-style: solid;border-top-style: solid;padding-bottom:0px;padding-left:0px;padding-right:0px;padding-top:0px;background-position:left top;background-repeat:no-repeat;-webkit-background-size:cover;-moz-background-size:cover;-o-background-size:cover;background-size:cover;\"><div class=\"fusion-row\"><span class=\"fusion-imageframe imageframe-none imageframe-1 bel-top-image\"> <img data-original=\"\/\/www.bel-invest.com\/wp-content\/uploads\/2015\/05\/belbasic3.jpg\" alt=\"\" class=\"img-responsive belLazyLoad\"\/><\/span><div class=\"fusion-one-full fusion-layout-column fusion-column-last fusion-spacing-yes bel-top-text white bel-offer\" style=\"margin-top:0px;margin-bottom:20px;\"><div class=\"fusion-column-wrapper\"><p><img loading=\"lazy\" decoding=\"async\" class=\" wp-image-251 aligncenter\" src=\"\/\/www.bel-invest.com\/wp-content\/uploads\/2015\/05\/bel_basic_white.png\" alt=\"\" width=\"100\" height=\"100\" srcset=\"https:\/\/www.bel-invest.com\/wp-content\/uploads\/2015\/05\/bel_basic_white.png 181w, https:\/\/www.bel-invest.com\/wp-content\/uploads\/2015\/05\/bel_basic_white-150x150.png 150w, https:\/\/www.bel-invest.com\/wp-content\/uploads\/2015\/05\/bel_basic_white-66x66.png 66w\" sizes=\"auto, (max-width: 100px) 100vw, 100px\" \/><\/p>\n<p style=\"text-align: center;\">BEL BASIC<\/p>\n<h2 style=\"text-align: center;\">Consulenza e gestione immobiliare<\/h2>\n<\/div><\/div><div class=\"fusion-clearfix\"><\/div><\/div><\/div><div class=\"fusion-fullwidth fullwidth-box fusion-parallax-none home-call\" style=\"border-color:#eae9e9;border-bottom-width: 0px;border-top-width: 0px;border-bottom-style: solid;border-top-style: solid;padding-bottom:50px;padding-left:0px;padding-right:0px;padding-top:70px;background-position:left top;background-repeat:no-repeat;-webkit-background-size:cover;-moz-background-size:cover;-o-background-size:cover;background-size:cover;\"><div class=\"fusion-row\"><div class=\"fusion-one-full fusion-layout-column fusion-column-last fusion-spacing-yes home-call\" style=\"margin-top:25px;margin-bottom:25px;\"><div class=\"fusion-column-wrapper\"><h5 style=\"text-align: center;\">Offerta Bel Basic<\/h5>\n<h3 style=\"text-align: center;\">Asset immobiliari con un alto grado di efficienza e sicurezza<\/h3>\n<\/div><\/div><div class=\"fusion-clearfix\"><\/div><div class=\"fusion-one-third one_third fusion-layout-column fusion-spacing-yes\" style=\"margin-top:0px;margin-bottom:20px;\"><div class=\"fusion-column-wrapper\"><p style=\"text-align: justify;\">Bel Basic \u00e8 la nostra offerta base, rivolta ai clienti che desiderano effettuare investimenti immobiliari. Vi offriamo la possibilit\u00e0 di creare <strong>asset immobiliari<\/strong> con un alto grado di efficienza e sicurezza.\u00a0Qualunque sia la tipologia o dimensione dell`immobile, il nostro obbiettivo costante \u00e8 di valorizzare il vostro investimento in termini di qualit\u00e0 e<strong> redditivit\u00e0 nel tempo<\/strong>.\u00a0La conoscenza del mercato ci permette d\u2019identificare e<\/p>\n<\/div><\/div><div class=\"fusion-one-third one_third fusion-layout-column fusion-spacing-yes\" style=\"margin-top:0px;margin-bottom:20px;\"><div class=\"fusion-column-wrapper\"><p style=\"text-align: justify;\">suggerire la migliore<strong> strategia <\/strong>di investimento e la migliore<strong> gestione<\/strong> possibile del patrimonio immobiliare. Vi accompagniamo durante tutto il ciclo di vita dell\u2019investimento, iniziando da un` attenta valutazione della strategia basata sul vostro profilo.\u00a0I <strong>servizi Bel Basic<\/strong> comprendono:\u00a0analisi di mercato, valutazione del profilo di investimento pi\u00f9 adeguato al cliente, ricerca dell`immobile, analisi\u00a0economico-finanziaria e\u00a0proiezione<\/p>\n<\/div><\/div><div class=\"fusion-one-third one_third fusion-layout-column fusion-column-last fusion-spacing-yes\" style=\"margin-top:0px;margin-bottom:20px;\"><div class=\"fusion-column-wrapper\"><p style=\"text-align: justify;\">dei flussi di cassa, due diligence tecnica e legale,\u00a0creazione dei veicoli societari d\u00b4investimento pi\u00f9 idonei, consulenza sul reperimento delle risorse finanziarie e sulla contrattualistica di acquisto, gestione e amministrazione immobiliare, gestione e\u00a0consulenza interventi edili, consulenza sulla strategia di dis-investimento e molto altro ancora\u2026<\/p>\n<\/div><\/div><div class=\"fusion-clearfix\"><\/div><\/div><\/div><div class=\"fusion-fullwidth fullwidth-box fusion-parallax-fixed hundred-percent-fullwidth bel-hero-future-wrapper fusion-hide-on-mobile\" style=\"border-color:#e5e4e4;border-bottom-width: 0px;border-top-width: 0px;border-bottom-style: solid;border-top-style: solid;padding-bottom:0px;padding-left:0px;padding-right:0px;padding-top:15px;background-attachment:fixed;background-position:left top;background-repeat:no-repeat;-webkit-background-size:cover;-moz-background-size:cover;-o-background-size:cover;background-size:cover;\"><div class=\"fusion-row\"><div class=\"bel-hero-future parallax background\" data-img-width=\"1600\" data-img-height=\"465\" data-diff=\"200\">\n<div class=\"arrow\"><\/div>\n<div>\n<h2>Il futuro dell'immobiliare \u00e8 qui!<\/h2>\n<hr \/>\n<div class=\"boxes\">\n<div class=\"box\">\n<p>Investitori<a class=\"bel-button\" href=\"\/wp-login.php?action=register\">Apri il tuo account<\/a><\/p>\n<\/div>\n<div class=\"box\">\n<p>Professionisti<a class=\"bel-button orange\" href=\"\/wp-login.php\">Area riservata<\/a><\/p>\n<\/div>\n<\/div>\n<\/div>\n<\/div>\n<\/div><\/div>\n","protected":false},"excerpt":{"rendered":"","protected":false},"author":1,"featured_media":0,"parent":0,"menu_order":0,"comment_status":"closed","ping_status":"closed","template":"100-width.php","meta":{"_acf_changed":false,"_exactmetrics_skip_tracking":false,"_exactmetrics_sitenote_active":false,"_exactmetrics_sitenote_note":"","_exactmetrics_sitenote_category":0,"footnotes":""},"class_list":["post-12","page","type-page","status-publish","hentry"],"acf":[],"_links":{"self":[{"href":"https:\/\/www.bel-invest.com\/it\/wp-json\/wp\/v2\/pages\/12","targetHints":{"allow":["GET"]}}],"collection":[{"href":"https:\/\/www.bel-invest.com\/it\/wp-json\/wp\/v2\/pages"}],"about":[{"href":"https:\/\/www.bel-invest.com\/it\/wp-json\/wp\/v2\/types\/page"}],"author":[{"embeddable":true,"href":"https:\/\/www.bel-invest.com\/it\/wp-json\/wp\/v2\/users\/1"}],"replies":[{"embeddable":true,"href":"https:\/\/www.bel-invest.com\/it\/wp-json\/wp\/v2\/comments?post=12"}],"version-history":[{"count":50,"href":"https:\/\/www.bel-invest.com\/it\/wp-json\/wp\/v2\/pages\/12\/revisions"}],"predecessor-version":[{"id":136,"href":"https:\/\/www.bel-invest.com\/it\/wp-json\/wp\/v2\/pages\/12\/revisions\/136"}],"wp:attachment":[{"href":"https:\/\/www.bel-invest.com\/it\/wp-json\/wp\/v2\/media?parent=12"}],"curies":[{"name":"wp","href":"https:\/\/api.w.org\/{rel}","templated":true}]}}