{"id":2123,"date":"2015-12-17T13:16:45","date_gmt":"2015-12-17T12:16:45","guid":{"rendered":"https:\/\/www.bel-invest.com\/?page_id=2123"},"modified":"2017-07-21T11:42:58","modified_gmt":"2017-07-21T09:42:58","slug":"bel-casa","status":"publish","type":"page","link":"https:\/\/www.bel-invest.com\/es\/bel-casa\/","title":{"rendered":"Bel Casa"},"content":{"rendered":"<div class=\"fusion-fullwidth fullwidth-box fusion-parallax-none hundred-percent-fullwidth relative bel-top-image-row\" style=\"border-color:#eae9e9;border-bottom-width: 0px;border-top-width: 0px;border-bottom-style: solid;border-top-style: solid;padding-bottom:0px;padding-left:0px;padding-right:0px;padding-top:0px;background-position:left top;background-repeat:no-repeat;-webkit-background-size:cover;-moz-background-size:cover;-o-background-size:cover;background-size:cover;\"><div class=\"fusion-row\"><span class=\"fusion-imageframe imageframe-none imageframe-1 bel-top-image\"> <img data-original=\"\/\/www.bel-invest.com\/wp-content\/uploads\/2015\/05\/belcasa.jpg\" alt=\"\" class=\"img-responsive belLazyLoad\"\/><\/span><div class=\"fusion-one-full fusion-layout-column fusion-column-last fusion-spacing-yes bel-top-text white bel-offer\" style=\"margin-top:0px;margin-bottom:20px;\"><div class=\"fusion-column-wrapper\"><p><img loading=\"lazy\" decoding=\"async\" class=\"aligncenter wp-image-113 size-full\" src=\"\/\/www.bel-invest.com\/wp-content\/uploads\/2015\/05\/bel_casa_white.png\" alt=\"casa\" width=\"100\" height=\"100\" \/><\/p>\n<p style=\"text-align: center;\"><strong>BEL CASA<\/strong><\/p>\n<h2 style=\"text-align: center;\">Una inversi\u00f3n rentable y segura para las familias.<\/h2>\n<\/div><\/div><div class=\"fusion-clearfix\"><\/div><\/div><\/div><div class=\"fusion-fullwidth fullwidth-box fusion-parallax-none home-call\" style=\"border-color:#eae9e9;border-bottom-width: 0px;border-top-width: 0px;border-bottom-style: solid;border-top-style: solid;padding-bottom:70px;padding-left:0px;padding-right:0px;padding-top:70px;background-position:left top;background-repeat:no-repeat;-webkit-background-size:cover;-moz-background-size:cover;-o-background-size:cover;background-size:cover;\"><div class=\"fusion-row\"><div class=\"fusion-one-full fusion-layout-column fusion-column-last fusion-spacing-yes home-call\" style=\"margin-top:25px;margin-bottom:20px;\"><div class=\"fusion-column-wrapper\"><h5 style=\"text-align: center;\">OFERTA\u00a0BEL CASA<\/h5>\n<h3 style=\"text-align: center;\">Adquisici\u00f3n del inmueble<\/h3>\n<\/div><\/div><div class=\"fusion-clearfix\"><\/div><div class=\"fusion-one-third one_third fusion-layout-column fusion-spacing-yes\" style=\"margin-top:0px;margin-bottom:20px;\"><div class=\"fusion-column-wrapper\"><p style=\"text-align: justify;\">Bel Casa ofrece la oportunidad de crear activos patrimoniales a trav\u00e9s de una <strong>inversi\u00f3n familiar<\/strong>, garantizando una alta rentabilidad y seguridad.\u00a0Nuestro equipo profesional le guiar\u00e1 durante todo el proceso de compra, lo que le garantiza un servicio completo y totalmente adecuado a sus necesidades.\u00a0Gracias a su fuerte<\/p>\n<\/div><\/div><div class=\"fusion-one-third one_third fusion-layout-column fusion-spacing-yes\" style=\"margin-top:0px;margin-bottom:20px;\"><div class=\"fusion-column-wrapper\"><p style=\"text-align: justify;\">presencia en el mercado, Bel Invest permite beneficiarse de algunas <strong>ventajas exclusivas<\/strong>.\u00a0Por ejemplo, nuestros clientes pueden optar por comprar edificios en coparticipaci\u00f3n con otros copropietarios, obteniendo de esta manera una considerable reducci\u00f3n en el precio del apartamento.\u00a0Las propiedades adquiridas<\/p>\n<\/div><\/div><div class=\"fusion-one-third one_third fusion-layout-column fusion-column-last fusion-spacing-yes\" style=\"margin-top:0px;margin-bottom:20px;\"><div class=\"fusion-column-wrapper\"><p style=\"text-align: justify;\">en coparticipaci\u00f3n pueden gestionarse f\u00e1cilmente desde el extranjero. Despu\u00e9s de la compra, Bel Invest ofrece al cliente la posibilidad de encargarse de la gesti\u00f3n administrativa de su propiedad. Bel Casa, le garantiza un <strong>producto full service<\/strong> con caracter\u00edsticas \u00fanicas.<\/p>\n<\/div><\/div><div class=\"fusion-clearfix\"><\/div><\/div><\/div><div class=\"fusion-fullwidth fullwidth-box fusion-parallax-none\" style=\"border-color:#eae9e9;border-bottom-width: 0px;border-top-width: 0px;border-bottom-style: solid;border-top-style: solid;padding-bottom:80px;padding-left:0px;padding-right:0px;padding-top:0px;background-position:left top;background-repeat:no-repeat;-webkit-background-size:cover;-moz-background-size:cover;-o-background-size:cover;background-size:cover;\"><div class=\"fusion-row\"><div class=\"fusion-sep-clear\"><\/div><div class=\"fusion-separator fusion-full-width-sep sep-none bel-separator\" style=\"border-color:#e0dede;margin-left: auto;margin-right: auto;margin-top:0pxpx;margin-bottom:80px;\"><\/div><div class=\"fusion-one-half fusion-layout-column fusion-spacing-yes\" style=\"margin-top:0px;margin-bottom:20px;\"><div class=\"fusion-column-wrapper\"><span class=\"fusion-imageframe imageframe-none imageframe-2 full-width-image\"> <img data-original=\"\/\/www.bel-invest.com\/wp-content\/uploads\/2017\/07\/belcasa_tablet2.jpg\" alt=\"\" class=\"img-responsive belLazyLoad\"\/><\/span><\/div><\/div><div class=\"fusion-one-half fusion-layout-column fusion-column-last fusion-spacing-yes home-call\" style=\"margin-top:0px;margin-bottom:20px;\"><div class=\"fusion-column-wrapper\"><h5><\/h5>\n<p>&nbsp;<\/p>\n<h5>BEL CASA WEBSITE<\/h5>\n<h5><a href=\"\/\/www.bel-invest.com\/wp-content\/uploads\/2017\/07\/belcasa-logo-webx2.png\"><br \/>\n<\/a><img loading=\"lazy\" decoding=\"async\" class=\"size-full wp-image-6037 alignleft\" src=\"\/\/www.bel-invest.com\/wp-content\/uploads\/2017\/07\/belcasa-logo-webx21.png\" alt=\"belcasa-logo-webx2\" width=\"200\" height=\"38\" \/><\/h5>\n<p>&nbsp;<\/p>\n<p>Visita nuestra p\u00e1gina web Bel Casa y descubre m\u00e1s sobre las posibilidades de inversi\u00f3n en Berl\u00edn, Barcelona y Miami.<\/p>\n<div class=\"fusion-button-wrapper fusion-alignleft\"><style type=\"text\/css\" scoped=\"scoped\">.fusion-button.button-1{border-width:0px;color:#ffffff;border-color:#ffffff;}.fusion-button.button-1:hover,.fusion-button.button-1:focus,.fusion-button.button-1:active{border-width:0px;border-color:#ffffff;color:#ffffff;}.fusion-button.button-1{background: #154373;}.fusion-button.button-1:hover,.button-1:focus,.fusion-button.button-1:active{background: #154373;}<\/style><a class=\"fusion-button button-flat button-square button-small button-custom button-1\" target=\"_blank\" href=\"http:\/\/www.bel-casa.net\"><span class=\"fusion-button-text\">www.bel-casa.net<\/span><\/a><\/div>\n<\/div><\/div><div class=\"fusion-clearfix\"><\/div><\/div><\/div><div class=\"fusion-fullwidth fullwidth-box fusion-parallax-fixed hundred-percent-fullwidth bel-hero-future-wrapper fusion-hide-on-mobile\" style=\"border-color:#e5e4e4;border-bottom-width: 0px;border-top-width: 0px;border-bottom-style: solid;border-top-style: solid;padding-bottom:0px;padding-left:0px;padding-right:0px;padding-top:15px;background-attachment:fixed;background-position:left top;background-repeat:no-repeat;-webkit-background-size:cover;-moz-background-size:cover;-o-background-size:cover;background-size:cover;\"><div class=\"fusion-row\"><div class=\"bel-hero-future parallax background\" data-img-width=\"1600\" data-img-height=\"465\" data-diff=\"200\">\n<div class=\"arrow\"><\/div>\n<div>\n<h2>El futuro de\u00a0immobiliare ya est\u00e1 aqu\u00ed!<\/h2>\n<hr \/>\n<div class=\"boxes\">\n<div class=\"box\">\n<p>Inversionistas<a class=\"bel-button\" href=\"\/wp-login.php?action=register\">Date de Alta<\/a><\/p>\n<\/div>\n<div class=\"box\">\n<p>Profesionales<a class=\"bel-button orange\" href=\"\/wp-login.php\">\u00c1rea Privada<\/a><\/p>\n<\/div>\n<\/div>\n<\/div>\n<\/div>\n<\/div><\/div>\n","protected":false},"excerpt":{"rendered":"","protected":false},"author":1,"featured_media":0,"parent":0,"menu_order":0,"comment_status":"closed","ping_status":"closed","template":"100-width.php","meta":{"_acf_changed":false,"_exactmetrics_skip_tracking":false,"_exactmetrics_sitenote_active":false,"_exactmetrics_sitenote_note":"","_exactmetrics_sitenote_category":0,"footnotes":""},"class_list":["post-2123","page","type-page","status-publish","hentry"],"acf":[],"_links":{"self":[{"href":"https:\/\/www.bel-invest.com\/es\/wp-json\/wp\/v2\/pages\/2123","targetHints":{"allow":["GET"]}}],"collection":[{"href":"https:\/\/www.bel-invest.com\/es\/wp-json\/wp\/v2\/pages"}],"about":[{"href":"https:\/\/www.bel-invest.com\/es\/wp-json\/wp\/v2\/types\/page"}],"author":[{"embeddable":true,"href":"https:\/\/www.bel-invest.com\/es\/wp-json\/wp\/v2\/users\/1"}],"replies":[{"embeddable":true,"href":"https:\/\/www.bel-invest.com\/es\/wp-json\/wp\/v2\/comments?post=2123"}],"version-history":[{"count":14,"href":"https:\/\/www.bel-invest.com\/es\/wp-json\/wp\/v2\/pages\/2123\/revisions"}],"predecessor-version":[{"id":6105,"href":"https:\/\/www.bel-invest.com\/es\/wp-json\/wp\/v2\/pages\/2123\/revisions\/6105"}],"wp:attachment":[{"href":"https:\/\/www.bel-invest.com\/es\/wp-json\/wp\/v2\/media?parent=2123"}],"curies":[{"name":"wp","href":"https:\/\/api.w.org\/{rel}","templated":true}]}}