{"id":2115,"date":"2015-12-17T12:33:04","date_gmt":"2015-12-17T11:33:04","guid":{"rendered":"https:\/\/www.bel-invest.com\/?page_id=2115"},"modified":"2018-06-14T00:03:35","modified_gmt":"2018-06-13T22:03:35","slug":"bel-advanced","status":"publish","type":"page","link":"https:\/\/www.bel-invest.com\/es\/bel-advanced\/","title":{"rendered":"Bel Advanced"},"content":{"rendered":"<div class=\"fusion-fullwidth fullwidth-box fusion-parallax-none hundred-percent-fullwidth relative bel-top-image-row\" style=\"border-color:#eae9e9;border-bottom-width: 0px;border-top-width: 0px;border-bottom-style: solid;border-top-style: solid;padding-bottom:0px;padding-left:0px;padding-right:0px;padding-top:0px;background-position:left top;background-repeat:no-repeat;-webkit-background-size:cover;-moz-background-size:cover;-o-background-size:cover;background-size:cover;\"><div class=\"fusion-row\"><span class=\"fusion-imageframe imageframe-none imageframe-1 bel-top-image\"> <img alt=\"\" data-original=\"\/\/www.bel-invest.com\/wp-content\/uploads\/2015\/05\/beladvanced2.jpg\" class=\"img-responsive belLazyLoad\"\/><\/span><div class=\"fusion-one-full fusion-layout-column fusion-column-last fusion-spacing-yes bel-top-text white bel-offer\" style=\"margin-top:0px;margin-bottom:20px;\"><div class=\"fusion-column-wrapper\"><p><img loading=\"lazy\" decoding=\"async\" class=\"aligncenter wp-image-113 size-full\" src=\"\/\/www.bel-invest.com\/wp-content\/uploads\/2015\/05\/bel_advanced_white.png\" alt=\"casa\" width=\"100\" height=\"100\" \/><\/p>\n<p style=\"text-align: center;\"><strong>BEL\u00a0ADVANCED<\/strong><\/p>\n<h2 style=\"text-align: center;\">Proyectos de desarrollo inmobiliario que le ofrecen una alta rentabilidad.<\/h2>\n<h3 style=\"text-align: center;\">Los clientes son a todos los efectos socios de inversi\u00f3n.<\/h3>\n<\/div><\/div><div class=\"fusion-clearfix\"><\/div><\/div><\/div><div class=\"fusion-fullwidth fullwidth-box fusion-parallax-none home-call\" style=\"border-color:#eae9e9;border-bottom-width: 0px;border-top-width: 0px;border-bottom-style: solid;border-top-style: solid;padding-bottom:50px;padding-left:0px;padding-right:0px;padding-top:70px;background-position:left top;background-repeat:no-repeat;-webkit-background-size:cover;-moz-background-size:cover;-o-background-size:cover;background-size:cover;\"><div class=\"fusion-row\"><div class=\"fusion-one-full fusion-layout-column fusion-column-last fusion-spacing-yes\" style=\"margin-top:25px;margin-bottom:25px;\"><div class=\"fusion-column-wrapper\"><h5 style=\"text-align: center;\">Oferta Bel Advanced<\/h5>\n<h3 style=\"text-align: center;\">Una cuidada selecci\u00f3n de los mejores proyectos inmobiliarios<\/h3>\n<\/div><\/div><div class=\"fusion-clearfix\"><\/div><div class=\"fusion-one-third one_third fusion-layout-column fusion-spacing-yes\" style=\"margin-top:0px;margin-bottom:20px;\"><div class=\"fusion-column-wrapper\"><p style=\"text-align: justify;\">La oferta Bel Advanced propone una cuidada selecci\u00f3n de los <strong>mejores proyectos<\/strong> inmobiliarios, en los cuales es posible participar en asociaci\u00f3n con otros inversores. Bel Invest se hace responsable de todas las etapas de desarrollo a trav\u00e9s de modalidades de <strong>coparticipaci\u00f3n<\/strong>, donde los clientes son a todos los efectos socios de la inversi\u00f3n. Bel Advanced extiende su inversi\u00f3n en <strong>cuatro niveles progresivos<\/strong> que coinciden con los fundamentos b\u00e1sicos de nuestro trabajo:\u00a01) oportunidad de mercado;\u00a02) est\u00e9tica, innovaci\u00f3n<\/p>\n<\/div><\/div><div class=\"fusion-one-third one_third fusion-layout-column fusion-spacing-yes\" style=\"margin-top:0px;margin-bottom:20px;\"><div class=\"fusion-column-wrapper\"><p style=\"text-align: justify;\">tecnol\u00f3gica y de edificaci\u00f3n; 3) participaci\u00f3n a escala local en actividades comerciales relacionadas con la propiedad; 4) participaci\u00f3n en una escala global en un modelo de negocio conectado a la propiedad. Con las extensiones opcionales tres y cuatro, les proponemos nuevos modelos de <strong>negocio integrado<\/strong>, que junto con el desarrollo inmobiliario m\u00e1s tradicional, crea un s\u00f3lido y poderoso apalancamiento capaz de generar\u00a0<strong>valor a\u00f1adido<\/strong> a la inversi\u00f3n. Gracias a la r\u00edgida aplicaci\u00f3n de estos modelos,\u00a0los proyectos<\/p>\n<\/div><\/div><div class=\"fusion-one-third one_third fusion-layout-column fusion-column-last fusion-spacing-yes\" style=\"margin-top:0px;margin-bottom:20px;\"><div class=\"fusion-column-wrapper\"><p style=\"text-align: justify;\">Bel Advanced gozan de un alto beneficio. La oferta Bel Advanced nos distingue de otros operadores no solo por la calidad de la propuesta sino porque elegimos un modelo de negocio basado en la <strong>transparencia<\/strong>: nos beneficiamos del \u00e9xito obtenido por nuestros clientes solo una vez alcanzados los objetivos econ\u00f3micos prefijados. Nuestro objetivo es obtener beneficios para los inversores y queremos que se nos valore en consecuencia a ese objetivo.<\/p>\n<\/div><\/div><div class=\"fusion-clearfix\"><\/div><\/div><\/div><div class=\"fusion-fullwidth fullwidth-box fusion-parallax-none\" style=\"border-color:#eae9e9;border-bottom-width: 0px;border-top-width: 0px;border-bottom-style: solid;border-top-style: solid;padding-bottom:40px;padding-left:0px;padding-right:0px;padding-top:90px;background-color:#ffffff;background-position:left top;background-repeat:no-repeat;-webkit-background-size:cover;-moz-background-size:cover;-o-background-size:cover;background-size:cover;\"><div class=\"fusion-row\"><div class=\"fusion-one-half fusion-layout-column fusion-spacing-yes\" style=\"margin-top:0px;margin-bottom:20px;\"><div class=\"fusion-column-wrapper\" style=\"padding:5px;\"><p><span class=\"fusion-popover popover-1 home-call\" data-animation=\"\" data-class=\"popover-1\" data-container=\"popover-1\" data-content=\"bel advanced integraci\u00f3n global ampl\u00eda la participaci\u00f3n econ\u00f3mica m\u00e1s all\u00e1 de las actividades locales que afectan a las propiedades objeto de inversi\u00f3n a trav\u00e9s de un modelo de negocio global. El inversor podr\u00e1 verse involucrado en la creaci\u00f3n, la gesti\u00f3n, y el futuro desarrollo de proyectos, tales como un nuevo producto hotelero, la inauguraci\u00f3n de una cadena comercial o gastron\u00f3mica\u2026\" data-placement=\"right\" data-title=\"4 - Integraci\u00f3n global \" data-toggle=\"popover\" data-trigger=\"hover\"><style type=\"text\/css\">.popover-1.right .arrow{border-right-color:#ebebeb;}.popover-1{border-color:#ebebeb;}.popover-1 .popover-title{background-color:#dddddd;color:#1c1c1c;border-color:#ebebeb;}.popover-1 .popover-content{background-color:#ffffff;color:#1c1c1c;}.popover-1.right .arrow:after{border-right-color:#ffffff;}<\/style><img loading=\"lazy\" decoding=\"async\" class=\"size-full wp-image-1684 aligncenter\" src=\"\/\/www.bel-invest.com\/wp-content\/uploads\/2015\/05\/level4.png\" alt=\"level4\" width=\"475\" height=\"69\" srcset=\"https:\/\/www.bel-invest.com\/wp-content\/uploads\/2015\/05\/level4.png 475w, https:\/\/www.bel-invest.com\/wp-content\/uploads\/2015\/05\/level4-300x44.png 300w\" sizes=\"auto, (max-width: 475px) 100vw, 475px\" \/><\/span><span class=\"fusion-popover popover-2 home-call\" data-animation=\"\" data-class=\"popover-2\" data-container=\"popover-2\" data-content=\"Bel advanced integraci\u00f3n local crea un beneficio econ\u00f3mico adicional a los ingresos habituales derivados de la renta, ofreciendo la participaci\u00f3n en actividades con fuente de ingresos asociados a la propiedad, como la integraci\u00f3n de sistemas fotovoltaicos, la administraci\u00f3n de garajes, o la gesti\u00f3n de un negocio ubicado dentro de la propiedad, etc.\" data-placement=\"right\" data-title=\"3 - Integraci\u00f3n local \" data-toggle=\"popover\" data-trigger=\"hover\"><style type=\"text\/css\">.popover-2.right .arrow{border-right-color:#ebebeb;}.popover-2{border-color:#ebebeb;}.popover-2 .popover-title{background-color:#dddddd;color:#1c1c1c;border-color:#ebebeb;}.popover-2 .popover-content{background-color:#ffffff;color:#1c1c1c;}.popover-2.right .arrow:after{border-right-color:#ffffff;}<\/style><img loading=\"lazy\" decoding=\"async\" class=\"size-full wp-image-1682 aligncenter\" src=\"\/\/www.bel-invest.com\/wp-content\/uploads\/2015\/05\/level3.png\" alt=\"level3\" width=\"475\" height=\"73\" srcset=\"https:\/\/www.bel-invest.com\/wp-content\/uploads\/2015\/05\/level3.png 475w, https:\/\/www.bel-invest.com\/wp-content\/uploads\/2015\/05\/level3-300x46.png 300w\" sizes=\"auto, (max-width: 475px) 100vw, 475px\" \/><\/span><span class=\"fusion-popover popover-3 home-call\" data-animation=\"\" data-class=\"popover-3\" data-container=\"popover-3\" data-content=\"Proyectos de reforma y nueva construcci\u00f3n sometidos a an\u00e1lisis de calidad, innovaci\u00f3n y est\u00e9tica.\" data-placement=\"right\" data-title=\"2 \u2013 Construcci\u00f3n \" data-toggle=\"popover\" data-trigger=\"hover\"><style type=\"text\/css\">.popover-3.right .arrow{border-right-color:#ebebeb;}.popover-3{border-color:#ebebeb;}.popover-3 .popover-title{background-color:#dddddd;color:#1c1c1c;border-color:#ebebeb;}.popover-3 .popover-content{background-color:#ffffff;color:#1c1c1c;}.popover-3.right .arrow:after{border-right-color:#ffffff;}<\/style><img loading=\"lazy\" decoding=\"async\" class=\"size-full wp-image-1680 aligncenter\" src=\"\/\/www.bel-invest.com\/wp-content\/uploads\/2015\/05\/level2.png\" alt=\"level2\" width=\"475\" height=\"72\" srcset=\"https:\/\/www.bel-invest.com\/wp-content\/uploads\/2015\/05\/level2.png 475w, https:\/\/www.bel-invest.com\/wp-content\/uploads\/2015\/05\/level2-300x45.png 300w\" sizes=\"auto, (max-width: 475px) 100vw, 475px\" \/><\/span><span class=\"fusion-popover popover-4 home-call\" data-animation=\"\" data-class=\"popover-4\" data-container=\"popover-4\" data-content=\"La inversi\u00f3n inmobiliaria debe estar basada, en primer lugar, en una oportunidad de mercado: un bajo precio de compra y una alta demanda del tipo de producto inmobiliario y de la zona donde est\u00e9 situado.\" data-placement=\"right\" data-title=\"1 - Tiempo, precio y ubicaci\u00f3n \" data-toggle=\"popover\" data-trigger=\"hover\"><style type=\"text\/css\">.popover-4.right .arrow{border-right-color:#ebebeb;}.popover-4{border-color:#ebebeb;}.popover-4 .popover-title{background-color:#dddddd;color:#1c1c1c;border-color:#ebebeb;}.popover-4 .popover-content{background-color:#ffffff;color:#1c1c1c;}.popover-4.right .arrow:after{border-right-color:#ffffff;}<\/style><img loading=\"lazy\" decoding=\"async\" class=\"size-full wp-image-1678 aligncenter\" src=\"\/\/www.bel-invest.com\/wp-content\/uploads\/2015\/05\/level1.png\" alt=\"level1\" width=\"475\" height=\"110\" srcset=\"https:\/\/www.bel-invest.com\/wp-content\/uploads\/2015\/05\/level1.png 475w, https:\/\/www.bel-invest.com\/wp-content\/uploads\/2015\/05\/level1-300x69.png 300w\" sizes=\"auto, (max-width: 475px) 100vw, 475px\" \/><\/span><\/p>\n<\/div><\/div><div class=\"fusion-one-half fusion-layout-column fusion-column-last fusion-spacing-yes home-call\" style=\"margin-top:0px;margin-bottom:20px;\"><div class=\"fusion-column-wrapper\"><h5>BUSINESS INTEGRADO<\/h5>\n<h3>4 niveles\u00a0de inversi\u00f3n<\/h3>\n<p>Los proyectos ofrecen hasta 4 niveles de inversi\u00f3n. Cada nivel de inversi\u00f3n est\u00e1 basado en el anterior. Bel Advanced aumenta significativamente la rentabilidad de su inversi\u00f3n.<\/p>\n<ul class=\"fusion-checklist fusion-checklist-1\" style=\"font-size:14px;line-height:23.8px;\"><li class=\"fusion-li-item\"><span style=\"height:23.8px;width:23.8px;margin-right:9.8px;\" class=\"icon-wrapper circle-no\"><i class=\"fusion-li-icon fa fa-stop\" style=\"color:#1d5e72;\"><\/i><\/span><div class=\"fusion-li-item-content\">Tiempo, precio y ubicaci\u00f3n.<\/div><\/li><\/ul><ul class=\"fusion-checklist fusion-checklist-2\" style=\"font-size:14px;line-height:23.8px;\"><li class=\"fusion-li-item\"><span style=\"height:23.8px;width:23.8px;margin-right:9.8px;\" class=\"icon-wrapper circle-no\"><i class=\"fusion-li-icon fa fa-stop\" style=\"color:#009cda;\"><\/i><\/span><div class=\"fusion-li-item-content\">Construcci\u00f3n.<\/div><\/li><\/ul><ul class=\"fusion-checklist fusion-checklist-3\" style=\"font-size:14px;line-height:23.8px;\"><li class=\"fusion-li-item\"><span style=\"height:23.8px;width:23.8px;margin-right:9.8px;\" class=\"icon-wrapper circle-no\"><i class=\"fusion-li-icon fa fa-stop\" style=\"color:#dd4242;\"><\/i><\/span><div class=\"fusion-li-item-content\">Integraci\u00f3n local.<\/div><\/li><\/ul><ul class=\"fusion-checklist fusion-checklist-4\" style=\"font-size:14px;line-height:23.8px;\"><li class=\"fusion-li-item\"><span style=\"height:23.8px;width:23.8px;margin-right:9.8px;\" class=\"icon-wrapper circle-no\"><i class=\"fusion-li-icon fa fa-stop\" style=\"color:#e1da1a;\"><\/i><\/span><div class=\"fusion-li-item-content\">Integraci\u00f3n global.<\/div><\/li><\/ul><\/div><\/div><div class=\"fusion-clearfix\"><\/div><\/div><\/div><div class=\"fusion-fullwidth fullwidth-box fusion-parallax-fixed hundred-percent-fullwidth bel-hero-future-wrapper fusion-hide-on-mobile\" style=\"border-color:#e5e4e4;border-bottom-width: 0px;border-top-width: 0px;border-bottom-style: solid;border-top-style: solid;padding-bottom:0px;padding-left:0px;padding-right:0px;padding-top:15px;background-attachment:fixed;background-position:left top;background-repeat:no-repeat;-webkit-background-size:cover;-moz-background-size:cover;-o-background-size:cover;background-size:cover;\"><div class=\"fusion-row\"><div class=\"bel-hero-future parallax background\" data-img-width=\"1600\" data-img-height=\"465\" data-diff=\"200\">\n<div class=\"arrow\"><\/div>\n<div>\n<h2>\u00a1El futuro inmobiliario est\u00e1 aqu\u00ed!<\/h2>\n<hr \/>\n<div class=\"boxes\">\n<div class=\"box\">\n<p>Inversores<a class=\"bel-button\" href=\"\/wp-login.php?action=register\">Date de Alta<\/a><\/p>\n<\/div>\n<div class=\"box\">\n<p>Profesionales<a class=\"bel-button orange\" href=\"\/wp-login.php\">\u00c1rea Privada<\/a><\/p>\n<\/div>\n<\/div>\n<\/div>\n<\/div>\n<\/div><\/div>\n","protected":false},"excerpt":{"rendered":"","protected":false},"author":1,"featured_media":0,"parent":0,"menu_order":0,"comment_status":"closed","ping_status":"closed","template":"100-width.php","meta":{"_acf_changed":false,"_exactmetrics_skip_tracking":false,"_exactmetrics_sitenote_active":false,"_exactmetrics_sitenote_note":"","_exactmetrics_sitenote_category":0,"footnotes":""},"class_list":["post-2115","page","type-page","status-publish","hentry"],"acf":[],"_links":{"self":[{"href":"https:\/\/www.bel-invest.com\/es\/wp-json\/wp\/v2\/pages\/2115","targetHints":{"allow":["GET"]}}],"collection":[{"href":"https:\/\/www.bel-invest.com\/es\/wp-json\/wp\/v2\/pages"}],"about":[{"href":"https:\/\/www.bel-invest.com\/es\/wp-json\/wp\/v2\/types\/page"}],"author":[{"embeddable":true,"href":"https:\/\/www.bel-invest.com\/es\/wp-json\/wp\/v2\/users\/1"}],"replies":[{"embeddable":true,"href":"https:\/\/www.bel-invest.com\/es\/wp-json\/wp\/v2\/comments?post=2115"}],"version-history":[{"count":23,"href":"https:\/\/www.bel-invest.com\/es\/wp-json\/wp\/v2\/pages\/2115\/revisions"}],"predecessor-version":[{"id":7554,"href":"https:\/\/www.bel-invest.com\/es\/wp-json\/wp\/v2\/pages\/2115\/revisions\/7554"}],"wp:attachment":[{"href":"https:\/\/www.bel-invest.com\/es\/wp-json\/wp\/v2\/media?parent=2115"}],"curies":[{"name":"wp","href":"https:\/\/api.w.org\/{rel}","templated":true}]}}