{"id":2037,"date":"2015-05-06T01:36:29","date_gmt":"2015-05-05T23:36:29","guid":{"rendered":"https:\/\/www.bel-invest.com\/presentazione-2\/"},"modified":"2018-11-27T17:56:27","modified_gmt":"2018-11-27T16:56:27","slug":"presentacion","status":"publish","type":"page","link":"https:\/\/www.bel-invest.com\/es\/presentacion\/","title":{"rendered":"Presentaci\u00f3n"},"content":{"rendered":"<div class=\"fusion-fullwidth fullwidth-box fusion-parallax-none home-call\" style=\"border-color:#eae9e9;border-bottom-width: 0px;border-top-width: 0px;border-bottom-style: solid;border-top-style: solid;padding-bottom:50px;padding-left:0px;padding-right:0px;padding-top:20px;background-position:left top;background-repeat:no-repeat;-webkit-background-size:cover;-moz-background-size:cover;-o-background-size:cover;background-size:cover;\"><div class=\"fusion-row\"><div class=\"fusion-one-full fusion-layout-column fusion-column-last fusion-spacing-yes\" style=\"margin-top:0px;margin-bottom:50px;\"><div class=\"fusion-column-wrapper\"><span class=\"fusion-imageframe imageframe-none imageframe-1\"> <img data-original=\"\/\/www.bel-invest.com\/wp-content\/uploads\/2015\/05\/about.jpg\" alt=\"\" class=\"img-responsive belLazyLoad\"\/><\/span><\/div><\/div><div class=\"fusion-clearfix\"><\/div><div class=\"fusion-two-third fusion-layout-column fusion-spacing-yes home-call\" style=\"margin-top:0px;margin-bottom:20px;\"><div class=\"fusion-column-wrapper\"><h5>Nuestro objetivo es revalorizar su inversi\u00f3n<\/h5>\n<h3>La mejor manera de rentabilizar su capital<\/h3>\n<p>Bel Invest le ofrece las mejores oportunidades para sus inversiones en los mercados inmobiliarios m\u00e1s atractivos por rentabilidad, calidad y precio. A trav\u00e9s de un minucioso an\u00e1lisis de mercado, diversificaci\u00f3n de las carteras de inversi\u00f3n y proyectos de desarrollo innovadores, Bel Invest pone a disposici\u00f3n de sus clientes una amplia variedad de servicios.<\/p>\n<p>Nuestro objetivo es asegurar un <strong>incremento de valor y rentabilidad<\/strong> constante de los inmuebles gestionados, creando oportunidades atractivas para sus socios. Concentramos nuestros recursos exclusivamente en inversiones que garanticen el mejor rendimiento.<\/p>\n<p>La flexibilidad que ofrece Bel Invest nos permite seleccionar siempre el tipo de inversi\u00f3n m\u00e1s apropiada, lo que hace que la empresa tenga la posibilidad de entrar y salir de los mercados en los momentos m\u00e1s indicados. De esta manera, <strong>anticip\u00e1ndonos a las tendencias<\/strong> del mercado, aprovechamos las mejores oportunidades .<\/p>\n<p>Creemos que un proyecto inmobiliario no solo se basa en la construcci\u00f3n, sino en un amplio conjunto de factores. Por esta raz\u00f3n, adem\u00e1s de la cl\u00e1sica inversi\u00f3n inmobiliaria, Bel Invest ofrece a sus socios la participaci\u00f3n en <strong>modelos de negocio innovadores<\/strong> con los que crea un importante valor a\u00f1adido a su inversi\u00f3n.<\/p>\n<p>Hacemos un seguimiento minucioso de cada uno de nuestros proyectos e inversiones.<\/p>\n<p>En Bel Invest nos apasiona nuestro trabajo.<\/p>\n<\/div><\/div><div class=\"fusion-one-third one_third fusion-layout-column fusion-column-last fusion-spacing-yes home-call\" style=\"margin-top:0px;margin-bottom:20px;\"><div class=\"fusion-column-wrapper\"><h5>Tres modelos de\u00a0negocio<\/h5>\n<div class=\"fusion-sep-clear\"><\/div><div class=\"fusion-separator fusion-full-width-sep sep-single home-call\" style=\"border-color:#c9c9c9;border-top-width:1;margin-left: auto;margin-right: auto;margin-top:20px;\"><\/div><ul class=\"fusion-checklist fusion-checklist-1 home-call\" style=\"font-size:14px;line-height:23.8px;\"><li class=\"fusion-li-item\"><span style=\"background-color:#1f96c1;font-size:12.32px;height:23.8px;width:23.8px;margin-right:9.8px;\" class=\"icon-wrapper circle-yes\"><i class=\"fusion-li-icon fa fa-chevron-right\" style=\"color:#ffffff;\"><\/i><\/span><div class=\"fusion-li-item-content\"><a style=\"color: #0a0a0a;\" href=\"\/?p=2101\"><strong>Bel Basic<\/strong> para la consultor\u00eda y gesti\u00f3n inmobiliaria<\/a><\/div><\/li><\/ul><div class=\"fusion-sep-clear\"><\/div><div class=\"fusion-separator fusion-full-width-sep sep-single home-call\" style=\"border-color:#c9c9c9;border-top-width:1;margin-left: auto;margin-right: auto;margin-top:px;\"><\/div><ul class=\"fusion-checklist fusion-checklist-2 home-call\" style=\"font-size:14px;line-height:23.8px;\"><li class=\"fusion-li-item\"><span style=\"background-color:#1f96c1;font-size:12.32px;height:23.8px;width:23.8px;margin-right:9.8px;\" class=\"icon-wrapper circle-yes\"><i class=\"fusion-li-icon fa fa-chevron-right\" style=\"color:#ffffff;\"><\/i><\/span><div class=\"fusion-li-item-content\"><a style=\"color: #0a0a0a;\" href=\"\/?p=2115\"><strong>Bel Advanced<\/strong> para los proyectos de desarrollo inmobiliario de alta rentabilidad.<\/a><\/div><\/li><\/ul><div class=\"fusion-sep-clear\"><\/div><div class=\"fusion-separator fusion-full-width-sep sep-single home-call\" style=\"border-color:#c9c9c9;border-top-width:1;margin-left: auto;margin-right: auto;margin-top:px;\"><\/div><ul class=\"fusion-checklist fusion-checklist-3 home-call\" style=\"font-size:14px;line-height:23.8px;\"><li class=\"fusion-li-item\"><span style=\"background-color:#1f96c1;font-size:12.32px;height:23.8px;width:23.8px;margin-right:9.8px;\" class=\"icon-wrapper circle-yes\"><i class=\"fusion-li-icon fa fa-chevron-right\" style=\"color:#ffffff;\"><\/i><\/span><div class=\"fusion-li-item-content\"><a style=\"color: #0a0a0a;\" href=\"\/?p=2123\"><strong>Bel Casa<\/strong> para la inversi\u00f3n privada en apartamentos.<\/a><\/div><\/li><\/ul><div class=\"fusion-sep-clear\"><\/div><div class=\"fusion-separator fusion-full-width-sep sep-single home-call\" style=\"border-color:#c9c9c9;border-top-width:1;margin-left: auto;margin-right: auto;margin-top:px;\"><\/div><\/div><\/div><div class=\"fusion-clearfix\"><\/div><\/div><\/div><div class=\"fusion-fullwidth fullwidth-box fusion-parallax-fixed hundred-percent-fullwidth bel-hero-future-wrapper fusion-hide-on-mobile\" style=\"border-color:#e5e4e4;border-bottom-width: 0px;border-top-width: 0px;border-bottom-style: solid;border-top-style: solid;padding-bottom:0px;padding-left:0px;padding-right:0px;padding-top:15px;background-attachment:fixed;background-position:left top;background-repeat:no-repeat;-webkit-background-size:cover;-moz-background-size:cover;-o-background-size:cover;background-size:cover;\"><div class=\"fusion-row\"><div class=\"bel-hero-future parallax background\" data-img-width=\"1600\" data-img-height=\"465\" data-diff=\"200\">\n<div class=\"arrow\"><\/div>\n<div>\n<h2>El futuro de\u00a0immobiliare ya est\u00e1 aqu\u00ed!<\/h2>\n<hr \/>\n<div class=\"boxes\">\n<div class=\"box\">\n<p>Inversionistas<a class=\"bel-button\" href=\"\/wp-login.php?action=register\">Date de Alta<\/a><\/p>\n<\/div>\n<div class=\"box\">\n<p>Profesionales<a class=\"bel-button orange\" href=\"\/wp-login.php\">\u00c1rea Privada<\/a><\/p>\n<\/div>\n<\/div>\n<\/div>\n<\/div>\n<\/div><\/div>\n","protected":false},"excerpt":{"rendered":"","protected":false},"author":1,"featured_media":0,"parent":0,"menu_order":0,"comment_status":"closed","ping_status":"closed","template":"100-width.php","meta":{"_acf_changed":false,"_exactmetrics_skip_tracking":false,"_exactmetrics_sitenote_active":false,"_exactmetrics_sitenote_note":"","_exactmetrics_sitenote_category":0,"footnotes":""},"class_list":["post-2037","page","type-page","status-publish","hentry"],"acf":[],"_links":{"self":[{"href":"https:\/\/www.bel-invest.com\/es\/wp-json\/wp\/v2\/pages\/2037","targetHints":{"allow":["GET"]}}],"collection":[{"href":"https:\/\/www.bel-invest.com\/es\/wp-json\/wp\/v2\/pages"}],"about":[{"href":"https:\/\/www.bel-invest.com\/es\/wp-json\/wp\/v2\/types\/page"}],"author":[{"embeddable":true,"href":"https:\/\/www.bel-invest.com\/es\/wp-json\/wp\/v2\/users\/1"}],"replies":[{"embeddable":true,"href":"https:\/\/www.bel-invest.com\/es\/wp-json\/wp\/v2\/comments?post=2037"}],"version-history":[{"count":24,"href":"https:\/\/www.bel-invest.com\/es\/wp-json\/wp\/v2\/pages\/2037\/revisions"}],"predecessor-version":[{"id":7919,"href":"https:\/\/www.bel-invest.com\/es\/wp-json\/wp\/v2\/pages\/2037\/revisions\/7919"}],"wp:attachment":[{"href":"https:\/\/www.bel-invest.com\/es\/wp-json\/wp\/v2\/media?parent=2037"}],"curies":[{"name":"wp","href":"https:\/\/api.w.org\/{rel}","templated":true}]}}