{"id":2684,"date":"2015-09-18T10:33:41","date_gmt":"2015-09-18T08:33:41","guid":{"rendered":"https:\/\/www.bel-invest.com\/mission-2\/"},"modified":"2018-08-06T11:16:12","modified_gmt":"2018-08-06T09:16:12","slug":"mission","status":"publish","type":"page","link":"https:\/\/www.bel-invest.com\/de\/mission\/","title":{"rendered":"Mission"},"content":{"rendered":"<div class=\"fusion-fullwidth fullwidth-box fusion-parallax-none home-call\" style=\"border-color:#eae9e9;border-bottom-width: 0px;border-top-width: 0px;border-bottom-style: solid;border-top-style: solid;padding-bottom:50px;padding-left:0px;padding-right:0px;padding-top:20px;background-position:left top;background-repeat:no-repeat;-webkit-background-size:cover;-moz-background-size:cover;-o-background-size:cover;background-size:cover;\"><div class=\"fusion-row\"><div class=\"fusion-one-full fusion-layout-column fusion-column-last fusion-spacing-yes\" style=\"margin-top:0px;margin-bottom:50px;\"><div class=\"fusion-column-wrapper\"><span class=\"fusion-imageframe imageframe-none imageframe-1\"> <img alt=\"\" data-original=\"\/\/www.bel-invest.com\/wp-content\/uploads\/2015\/05\/mission4.jpg\" class=\"img-responsive belLazyLoad\"\/><\/span><\/div><\/div><div class=\"fusion-clearfix\"><\/div><div class=\"fusion-two-third fusion-layout-column fusion-spacing-yes home-call\" style=\"margin-top:0px;margin-bottom:20px;\"><div class=\"fusion-column-wrapper\"><h5>Understanding new needs<\/h5>\n<h3>Next-generation real estate<\/h3>\n<p><span style=\"line-height: 1.5;\">W\u00e4hrend der letzten zwei Jahrzehnte haben einschneidende Ereignisse wie die wirtschaftliche Entwicklung der Wachstumsm\u00e4rkte, die Einf\u00fchrung des Euro und einfach zug\u00e4ngliche Kredite zu einem allgemeinen Preisanstieg auf dem europ\u00e4ischen Immobilienmarkt gef\u00fchrt. Im Gegenzug lie\u00dfen die Qualit\u00e4t der Immobilien und die Innovationsbereitschaft erheblich nach. Mittlerweile haben sich die Preise der Immobilienm\u00e4rkte den tats\u00e4chlichen Marktwerten angepasst. Trotz eines \u00dcberangebots in den Randgebieten und auf dem Land, ist die Nachfrage der Investoren nach attraktiven Stadtimmobilien konstant geblieben \u2013 so musste der Markt nach und nach die hohen Profitanspr\u00fcche zur\u00fcckschrauben.<br \/>\nUm heute eine optimale Wirtschaftlichkeit zu erreichen, m\u00fcssen L\u00f6sungen erarbeitet werden, die sich von den markt\u00fcblichen klar unterscheiden.<br \/>\nAus diesem Grunde konzentriert sich Bel Invest vor allem darauf, Immobilien mit echten Mehrwerten anzubieten. Das schaffen wir durch die Realisation zukunftsf\u00e4higer Objekte sowie dem Angebot innovativer Services und Qualit\u00e4tsprodukte, die genau Ihren W\u00fcnschen entsprechen.<br \/>\nAuf dem Weg zum wirtschaftlichen Erfolg ist es wichtig, die Bed\u00fcrfnisse des Marktes genau zu verstehen: Geld zu parken ist keine geeignete L\u00f6sung. Um au\u00dfergew\u00f6hnliche Renditen zu erzielen, braucht man au\u00dfergew\u00f6hnliche Produkte!<\/span><\/p>\n<\/div><\/div><div class=\"fusion-one-third one_third fusion-layout-column fusion-column-last fusion-spacing-yes home-call\" style=\"margin-top:0px;margin-bottom:20px;\"><div class=\"fusion-column-wrapper\"><h5>Drei leistungs-modelle<\/h5>\n<div class=\"fusion-sep-clear\"><\/div><div class=\"fusion-separator fusion-full-width-sep sep-single home-call\" style=\"border-color:#c9c9c9;border-top-width:1;margin-left: auto;margin-right: auto;margin-top:20px;\"><\/div><ul class=\"fusion-checklist fusion-checklist-1 home-call\" style=\"font-size:14px;line-height:23.8px;\"><li class=\"fusion-li-item\"><span style=\"background-color:#1f96c1;font-size:12.32px;height:23.8px;width:23.8px;margin-right:9.8px;\" class=\"icon-wrapper circle-yes\"><i class=\"fusion-li-icon fa fa-chevron-right\" style=\"color:#ffffff;\"><\/i><\/span><div class=\"fusion-li-item-content\"><a style=\"color: #0a0a0a;\" href=\"\/?page_id=2308\"><strong>Bel Basic<\/strong> f\u00fcr Immobilienberatung und -verwaltung<\/a><\/div><\/li><\/ul><div class=\"fusion-sep-clear\"><\/div><div class=\"fusion-separator fusion-full-width-sep sep-single home-call\" style=\"border-color:#c9c9c9;border-top-width:1;margin-left: auto;margin-right: auto;margin-top:px;\"><\/div><ul class=\"fusion-checklist fusion-checklist-2 home-call\" style=\"font-size:14px;line-height:23.8px;\"><li class=\"fusion-li-item\"><span style=\"background-color:#1f96c1;font-size:12.32px;height:23.8px;width:23.8px;margin-right:9.8px;\" class=\"icon-wrapper circle-yes\"><i class=\"fusion-li-icon fa fa-chevron-right\" style=\"color:#ffffff;\"><\/i><\/span><div class=\"fusion-li-item-content\"><a style=\"color: #0a0a0a;\" href=\"\/?page_id=2312\"><strong>Bel Advanced<\/strong> Projektentwicklung f\u00fcr Immobilien mit hohen Ertr\u00e4gen<\/a><\/div><\/li><\/ul><div class=\"fusion-sep-clear\"><\/div><div class=\"fusion-separator fusion-full-width-sep sep-single home-call\" style=\"border-color:#c9c9c9;border-top-width:1;margin-left: auto;margin-right: auto;margin-top:px;\"><\/div><ul class=\"fusion-checklist fusion-checklist-3 home-call\" style=\"font-size:14px;line-height:23.8px;\"><li class=\"fusion-li-item\"><span style=\"background-color:#1f96c1;font-size:12.32px;height:23.8px;width:23.8px;margin-right:9.8px;\" class=\"icon-wrapper circle-yes\"><i class=\"fusion-li-icon fa fa-chevron-right\" style=\"color:#ffffff;\"><\/i><\/span><div class=\"fusion-li-item-content\"><a style=\"color: #0a0a0a;\" href=\"\/?page_id=2664\"><strong>Bel Casa<\/strong> f\u00fcr die private Anlage in Wohnungen.<\/a><\/div><\/li><\/ul><div class=\"fusion-sep-clear\"><\/div><div class=\"fusion-separator fusion-full-width-sep sep-single home-call\" style=\"border-color:#c9c9c9;border-top-width:1;margin-left: auto;margin-right: auto;margin-top:px;\"><\/div><\/div><\/div><div class=\"fusion-clearfix\"><\/div><\/div><\/div><div class=\"fusion-fullwidth fullwidth-box fusion-parallax-fixed hundred-percent-fullwidth bel-hero-future-wrapper fusion-hide-on-mobile\" style=\"border-color:#e5e4e4;border-bottom-width: 0px;border-top-width: 0px;border-bottom-style: solid;border-top-style: solid;padding-bottom:0px;padding-left:0px;padding-right:0px;padding-top:15px;background-attachment:fixed;background-position:left top;background-repeat:no-repeat;-webkit-background-size:cover;-moz-background-size:cover;-o-background-size:cover;background-size:cover;\"><div class=\"fusion-row\"><div class=\"bel-hero-future parallax background\" data-img-width=\"1920\" data-img-height=\"784\" data-diff=\"200\">\n<div class=\"arrow\"><\/div>\n<div>\n<h2>Immobilien Investment 4.0!<\/h2>\n<hr \/>\n<div class=\"boxes\">\n<div class=\"box\">\n<p>Anleger<a class=\"bel-button\" href=\"\/wp-login.php?action=register\">Legen Sie ein Konto an<\/a><\/p>\n<\/div>\n<div class=\"box\">\n<p>Fachleute<a class=\"bel-button orange\" href=\"\/wp-login.php\">B2B-Bereich<\/a><\/p>\n<\/div>\n<\/div>\n<\/div>\n<\/div>\n<\/div><\/div>\n","protected":false},"excerpt":{"rendered":"","protected":false},"author":1,"featured_media":0,"parent":0,"menu_order":0,"comment_status":"closed","ping_status":"closed","template":"100-width.php","meta":{"_acf_changed":false,"_exactmetrics_skip_tracking":false,"_exactmetrics_sitenote_active":false,"_exactmetrics_sitenote_note":"","_exactmetrics_sitenote_category":0,"footnotes":""},"class_list":["post-2684","page","type-page","status-publish","hentry"],"acf":[],"_links":{"self":[{"href":"https:\/\/www.bel-invest.com\/de\/wp-json\/wp\/v2\/pages\/2684","targetHints":{"allow":["GET"]}}],"collection":[{"href":"https:\/\/www.bel-invest.com\/de\/wp-json\/wp\/v2\/pages"}],"about":[{"href":"https:\/\/www.bel-invest.com\/de\/wp-json\/wp\/v2\/types\/page"}],"author":[{"embeddable":true,"href":"https:\/\/www.bel-invest.com\/de\/wp-json\/wp\/v2\/users\/1"}],"replies":[{"embeddable":true,"href":"https:\/\/www.bel-invest.com\/de\/wp-json\/wp\/v2\/comments?post=2684"}],"version-history":[{"count":11,"href":"https:\/\/www.bel-invest.com\/de\/wp-json\/wp\/v2\/pages\/2684\/revisions"}],"predecessor-version":[{"id":7843,"href":"https:\/\/www.bel-invest.com\/de\/wp-json\/wp\/v2\/pages\/2684\/revisions\/7843"}],"wp:attachment":[{"href":"https:\/\/www.bel-invest.com\/de\/wp-json\/wp\/v2\/media?parent=2684"}],"curies":[{"name":"wp","href":"https:\/\/api.w.org\/{rel}","templated":true}]}}