{"id":2668,"date":"2016-02-19T18:27:40","date_gmt":"2016-02-19T17:27:40","guid":{"rendered":"https:\/\/www.bel-invest.com\/?page_id=2668"},"modified":"2018-11-27T17:55:52","modified_gmt":"2018-11-27T16:55:52","slug":"company","status":"publish","type":"page","link":"https:\/\/www.bel-invest.com\/de\/company\/","title":{"rendered":"Unternehmen"},"content":{"rendered":"<div class=\"fusion-fullwidth fullwidth-box fusion-parallax-none home-call\" style=\"border-color:#eae9e9;border-bottom-width: 0px;border-top-width: 0px;border-bottom-style: solid;border-top-style: solid;padding-bottom:50px;padding-left:0px;padding-right:0px;padding-top:20px;background-position:left top;background-repeat:no-repeat;-webkit-background-size:cover;-moz-background-size:cover;-o-background-size:cover;background-size:cover;\"><div class=\"fusion-row\"><div class=\"fusion-one-full fusion-layout-column fusion-column-last fusion-spacing-yes\" style=\"margin-top:0px;margin-bottom:50px;\"><div class=\"fusion-column-wrapper\"><span class=\"fusion-imageframe imageframe-none imageframe-1\"> <img data-original=\"\/\/www.bel-invest.com\/wp-content\/uploads\/2015\/05\/about.jpg\" alt=\"\" class=\"img-responsive belLazyLoad\"\/><\/span><\/div><\/div><div class=\"fusion-clearfix\"><\/div><div class=\"fusion-two-third fusion-layout-column fusion-spacing-yes home-call\" style=\"margin-top:0px;margin-bottom:20px;\"><div class=\"fusion-column-wrapper\"><h5>Unser Ziel ist Wertsteigerung<\/h5>\n<h3>Die besten L\u00f6sungen f\u00fcr Ihre Anlagen<\/h3>\n<p>Wer in Immobilien investieren m\u00f6chte, erwartet maximale Qualit\u00e4t, ein ideales Preis-Leistungsverh\u00e4ltnis und h\u00f6chstm\u00f6gliche Profitabilit\u00e4t. Bel Invest bietet Ihnen die besten Investitionsl\u00f6sungen auf den attraktivsten Immobilienm\u00e4rkten. Dank sorgf\u00e4ltiger Marktanalysen und einem diversifizierten Portfolio sind wir jederzeit in der Lage, Ihre W\u00fcnsche zu erf\u00fcllen. Wertanlage \u2028\u2028Bel Invest stellt immer eine konstante Wertsteigerung der verwalteten Liegenschaften in den Fokus \u2013 und schafft damit attraktive Profitm\u00f6glichkeiten f\u00fcr Sie. Eine flexible Firmenstruktur und die langj\u00e4hrige Marktkenntnis unserer Experten machen es m\u00f6glich, Bewegungen am Immobilienmarkt aufzusp\u00fcren und ausschlie\u00dflich Objekte mit den besten Ertragsaussichten auszuw\u00e4hlen. \u2028Wir glauben daran, dass eine Immobilie mehr ist, als die Summe ihrer Steine. Sie w\u00e4chst und entwickelt ihren Charakter erst durch Einflussfaktoren wie Objekt-Dienstleistungen und erg\u00e4nzenden Services. Damit k\u00f6nnen alle Partner von Bel Invest neben ihrer klassischen Investition auch von innovativen Immobilien-Gesch\u00e4ftsmodellen profitieren \u2013 und einen bedeutenden Wertzuwachs in ihren bestehenden Objekten erzielen. Ganz gleich, f\u00fcr welche Bel Invest L\u00f6sung Sie sich auch entscheiden: Unsere Leidenschaft gilt Ihrer Investition.<\/p>\n<p>Denn wir lieben Immobilien.<\/p>\n<\/div><\/div><div class=\"fusion-one-third one_third fusion-layout-column fusion-column-last fusion-spacing-yes home-call\" style=\"margin-top:0px;margin-bottom:20px;\"><div class=\"fusion-column-wrapper\"><h5>Drei Leistungsmodelle<\/h5>\n<div class=\"fusion-sep-clear\"><\/div><div class=\"fusion-separator fusion-full-width-sep sep-single home-call\" style=\"border-color:#c9c9c9;border-top-width:1;margin-left: auto;margin-right: auto;margin-top:20px;\"><\/div><ul class=\"fusion-checklist fusion-checklist-1 home-call\" style=\"font-size:14px;line-height:23.8px;\"><li class=\"fusion-li-item\"><span style=\"background-color:#1f96c1;font-size:12.32px;height:23.8px;width:23.8px;margin-right:9.8px;\" class=\"icon-wrapper circle-yes\"><i class=\"fusion-li-icon fa fa-chevron-right\" style=\"color:#ffffff;\"><\/i><\/span><div class=\"fusion-li-item-content\"><a style=\"color: #0a0a0a;\" href=\"\/?page_id=2308\"><strong>Bel Basic<\/strong> f\u00fcr Immobilienberatung und -verwaltung<\/a><\/div><\/li><\/ul><div class=\"fusion-sep-clear\"><\/div><div class=\"fusion-separator fusion-full-width-sep sep-single home-call\" style=\"border-color:#c9c9c9;border-top-width:1;margin-left: auto;margin-right: auto;margin-top:px;\"><\/div><ul class=\"fusion-checklist fusion-checklist-2 home-call\" style=\"font-size:14px;line-height:23.8px;\"><li class=\"fusion-li-item\"><span style=\"background-color:#1f96c1;font-size:12.32px;height:23.8px;width:23.8px;margin-right:9.8px;\" class=\"icon-wrapper circle-yes\"><i class=\"fusion-li-icon fa fa-chevron-right\" style=\"color:#ffffff;\"><\/i><\/span><div class=\"fusion-li-item-content\"><a style=\"color: #0a0a0a;\" href=\"\/?page_id=2312\"><strong>Bel Advanced<\/strong> Projektentwicklung f\u00fcr Immobilien mit hohen Ertr\u00e4gen<\/a><\/div><\/li><\/ul><div class=\"fusion-sep-clear\"><\/div><div class=\"fusion-separator fusion-full-width-sep sep-single home-call\" style=\"border-color:#c9c9c9;border-top-width:1;margin-left: auto;margin-right: auto;margin-top:px;\"><\/div><ul class=\"fusion-checklist fusion-checklist-3 home-call\" style=\"font-size:14px;line-height:23.8px;\"><li class=\"fusion-li-item\"><span style=\"background-color:#1f96c1;font-size:12.32px;height:23.8px;width:23.8px;margin-right:9.8px;\" class=\"icon-wrapper circle-yes\"><i class=\"fusion-li-icon fa fa-chevron-right\" style=\"color:#ffffff;\"><\/i><\/span><div class=\"fusion-li-item-content\"><a style=\"color: #0a0a0a;\" href=\"\/?page_id=2664\"><strong>Bel Casa<\/strong> f\u00fcr die private Anlage in Wohnungen.<\/a><\/div><\/li><\/ul><div class=\"fusion-sep-clear\"><\/div><div class=\"fusion-separator fusion-full-width-sep sep-single home-call\" style=\"border-color:#c9c9c9;border-top-width:1;margin-left: auto;margin-right: auto;margin-top:px;\"><\/div><\/div><\/div><div class=\"fusion-clearfix\"><\/div><\/div><\/div><div class=\"fusion-fullwidth fullwidth-box fusion-parallax-fixed hundred-percent-fullwidth bel-hero-future-wrapper fusion-hide-on-mobile\" style=\"border-color:#e5e4e4;border-bottom-width: 0px;border-top-width: 0px;border-bottom-style: solid;border-top-style: solid;padding-bottom:0px;padding-left:0px;padding-right:0px;padding-top:15px;background-attachment:fixed;background-position:left top;background-repeat:no-repeat;-webkit-background-size:cover;-moz-background-size:cover;-o-background-size:cover;background-size:cover;\"><div class=\"fusion-row\"><div class=\"bel-hero-future parallax background\" data-img-width=\"1920\" data-img-height=\"784\" data-diff=\"200\">\n<div class=\"arrow\"><\/div>\n<div>\n<h2>Immobilien Investment 4.0!<\/h2>\n<hr \/>\n<div class=\"boxes\">\n<div class=\"box\">\n<p>Anleger<a class=\"bel-button\" href=\"\/wp-login.php?action=register\">Legen Sie ein Konto an<\/a><\/p>\n<\/div>\n<div class=\"box\">\n<p>Fachleute<a class=\"bel-button orange\" href=\"\/wp-login.php\">B2B-Bereich<\/a><\/p>\n<\/div>\n<\/div>\n<\/div>\n<\/div>\n<\/div><\/div>\n","protected":false},"excerpt":{"rendered":"","protected":false},"author":1,"featured_media":0,"parent":0,"menu_order":0,"comment_status":"closed","ping_status":"closed","template":"100-width.php","meta":{"_acf_changed":false,"_exactmetrics_skip_tracking":false,"_exactmetrics_sitenote_active":false,"_exactmetrics_sitenote_note":"","_exactmetrics_sitenote_category":0,"footnotes":""},"class_list":["post-2668","page","type-page","status-publish","hentry"],"acf":[],"_links":{"self":[{"href":"https:\/\/www.bel-invest.com\/de\/wp-json\/wp\/v2\/pages\/2668","targetHints":{"allow":["GET"]}}],"collection":[{"href":"https:\/\/www.bel-invest.com\/de\/wp-json\/wp\/v2\/pages"}],"about":[{"href":"https:\/\/www.bel-invest.com\/de\/wp-json\/wp\/v2\/types\/page"}],"author":[{"embeddable":true,"href":"https:\/\/www.bel-invest.com\/de\/wp-json\/wp\/v2\/users\/1"}],"replies":[{"embeddable":true,"href":"https:\/\/www.bel-invest.com\/de\/wp-json\/wp\/v2\/comments?post=2668"}],"version-history":[{"count":19,"href":"https:\/\/www.bel-invest.com\/de\/wp-json\/wp\/v2\/pages\/2668\/revisions"}],"predecessor-version":[{"id":7918,"href":"https:\/\/www.bel-invest.com\/de\/wp-json\/wp\/v2\/pages\/2668\/revisions\/7918"}],"wp:attachment":[{"href":"https:\/\/www.bel-invest.com\/de\/wp-json\/wp\/v2\/media?parent=2668"}],"curies":[{"name":"wp","href":"https:\/\/api.w.org\/{rel}","templated":true}]}}