{"id":2308,"date":"2016-02-19T17:35:39","date_gmt":"2016-02-19T16:35:39","guid":{"rendered":"https:\/\/www.bel-invest.com\/?page_id=2308"},"modified":"2018-01-22T23:28:19","modified_gmt":"2018-01-22T22:28:19","slug":"bel-basic","status":"publish","type":"page","link":"https:\/\/www.bel-invest.com\/de\/bel-basic\/","title":{"rendered":"Bel Basic"},"content":{"rendered":"<div class=\"fusion-fullwidth fullwidth-box fusion-parallax-none hundred-percent-fullwidth relative bel-top-image-row\" style=\"border-color:#eae9e9;border-bottom-width: 0px;border-top-width: 0px;border-bottom-style: solid;border-top-style: solid;padding-bottom:0px;padding-left:0px;padding-right:0px;padding-top:0px;background-position:left top;background-repeat:no-repeat;-webkit-background-size:cover;-moz-background-size:cover;-o-background-size:cover;background-size:cover;\"><div class=\"fusion-row\"><span class=\"fusion-imageframe imageframe-none imageframe-1 bel-top-image\"> <img data-original=\"\/\/www.bel-invest.com\/wp-content\/uploads\/2015\/05\/belbasic3.jpg\" alt=\"\" class=\"img-responsive belLazyLoad\"\/><\/span><div class=\"fusion-one-full fusion-layout-column fusion-column-last fusion-spacing-yes bel-top-text white bel-offer\" style=\"margin-top:0px;margin-bottom:20px;\"><div class=\"fusion-column-wrapper\"><p><img loading=\"lazy\" decoding=\"async\" class=\" wp-image-251 aligncenter\" src=\"\/\/www.bel-invest.com\/wp-content\/uploads\/2015\/05\/bel_basic_white.png\" alt=\"\" width=\"100\" height=\"100\" srcset=\"https:\/\/www.bel-invest.com\/wp-content\/uploads\/2015\/05\/bel_basic_white.png 181w, https:\/\/www.bel-invest.com\/wp-content\/uploads\/2015\/05\/bel_basic_white-150x150.png 150w, https:\/\/www.bel-invest.com\/wp-content\/uploads\/2015\/05\/bel_basic_white-66x66.png 66w\" sizes=\"auto, (max-width: 100px) 100vw, 100px\" \/><\/p>\n<p style=\"text-align: center;\">BEL BASIC<\/p>\n<h2 style=\"text-align: center;\">\u00a0Immobilienberatung und Management<\/h2>\n<h3 style=\"text-align: center;\">Langfristige Wertentwicklung<\/h3>\n<\/div><\/div><div class=\"fusion-clearfix\"><\/div><\/div><\/div><div class=\"fusion-fullwidth fullwidth-box fusion-parallax-none home-call\" style=\"border-color:#eae9e9;border-bottom-width: 0px;border-top-width: 0px;border-bottom-style: solid;border-top-style: solid;padding-bottom:50px;padding-left:0px;padding-right:0px;padding-top:70px;background-position:left top;background-repeat:no-repeat;-webkit-background-size:cover;-moz-background-size:cover;-o-background-size:cover;background-size:cover;\"><div class=\"fusion-row\"><div class=\"fusion-one-full fusion-layout-column fusion-column-last fusion-spacing-yes home-call\" style=\"margin-top:25px;margin-bottom:25px;\"><div class=\"fusion-column-wrapper\"><h5 style=\"text-align: center;\">Angebot Bel Basic<\/h5>\n<h3 style=\"text-align: center;\">\u00a0Immobilienverm\u00f6gen mit einem hohen Grad<br \/>\nan Rentabilit\u00e4t und Sicherheit<\/h3>\n<\/div><\/div><div class=\"fusion-clearfix\"><\/div><div class=\"fusion-one-third one_third fusion-layout-column fusion-spacing-yes\" style=\"margin-top:0px;margin-bottom:20px;\"><div class=\"fusion-column-wrapper\"><p class=\"p1\" style=\"text-align: justify;\">BelBasic ist unser Basispaket an Leistungen, gerichtet an alle Kunden welche erfolgreich in Immobilien investieren m\u00f6chten. \u2028Unser Angebot ist optimal darauf abgestimmt, Ihnen zu helfen Ihr Immobilienverm\u00f6gen mit einem hohen Ma\u00df an Rentabilit\u00e4t und Sicherheit aufzubauen.\u00a0Ziel ist es Ihre Immobilieninvestition unabh\u00e4ngig von seiner Art und Gr\u00f6\u00dfe qualitativ aufzuwerten und maximal profitabel zu machen.\u00a0Unsere fundierte Marktkenntnis erm\u00f6glicht\u00a0es uns,<\/p>\n<\/div><\/div><div class=\"fusion-one-third one_third fusion-layout-column fusion-spacing-yes\" style=\"margin-top:0px;margin-bottom:20px;\"><div class=\"fusion-column-wrapper\"><p class=\"p1\" style=\"text-align: justify;\">immer die ideale Strategie zu entwickeln und Ihnen die <strong>bestm\u00f6gliche Verm\u00f6gensverwaltung<\/strong> zu bieten. Beginnend mit einer sensiblen Strategieeinsch\u00e4tzung auf Basis Ihres Profils begleiten wir Sie zuverl\u00e4ssig durch den gesamten Investitionsprozess.\u00a0<strong>Das leistet Bel Basic f\u00fcr Sie:\u00a0<\/strong>Marktanalysen, Einsch\u00e4tzung des Investitionsprofils,\u00a0 Immobilienuntersuchungen, Wirtschaftlichkeits-und\u00a0Finanzanalysen,<\/p>\n<\/div><\/div><div class=\"fusion-one-third one_third fusion-layout-column fusion-column-last fusion-spacing-yes\" style=\"margin-top:0px;margin-bottom:20px;\"><div class=\"fusion-column-wrapper\"><p class=\"p1\" style=\"text-align: justify;\">technische und rechtliche Sorgfaltspflicht, ordentliche K\u00f6rperschaftsabwicklung der Immobilieninvestition, Beratung zur Beschaffung von Kapital sowie von Kaufvertragsgesetzen, Verm\u00f6gens- und Immobilienverwaltung, Bauleitung und Betreuung, Beratung zur Ver\u00e4u\u00dferungsstrategie und vieles mehr ...<\/p>\n<\/div><\/div><div class=\"fusion-clearfix\"><\/div><\/div><\/div><div class=\"fusion-fullwidth fullwidth-box fusion-parallax-fixed hundred-percent-fullwidth bel-hero-future-wrapper fusion-hide-on-mobile\" style=\"border-color:#e5e4e4;border-bottom-width: 0px;border-top-width: 0px;border-bottom-style: solid;border-top-style: solid;padding-bottom:0px;padding-left:0px;padding-right:0px;padding-top:15px;background-attachment:fixed;background-position:left top;background-repeat:no-repeat;-webkit-background-size:cover;-moz-background-size:cover;-o-background-size:cover;background-size:cover;\"><div class=\"fusion-row\"><div class=\"bel-hero-future parallax background\" data-img-width=\"1920\" data-img-height=\"784\" data-diff=\"200\">\n<div class=\"arrow\"><\/div>\n<div>\n<h2>Immobilien Investment 4.0!<\/h2>\n<hr \/>\n<div class=\"boxes\">\n<div class=\"box\">\n<p>Anleger<a class=\"bel-button\" href=\"\/wp-login.php?action=register\">Legen Sie ein Konto an<\/a><\/p>\n<\/div>\n<div class=\"box\">\n<p>Fachleute<a class=\"bel-button orange\" href=\"\/wp-login.php\">B2B-Bereich<\/a><\/p>\n<\/div>\n<\/div>\n<\/div>\n<\/div>\n<\/div><\/div>\n","protected":false},"excerpt":{"rendered":"","protected":false},"author":1,"featured_media":0,"parent":0,"menu_order":0,"comment_status":"closed","ping_status":"closed","template":"100-width.php","meta":{"_acf_changed":false,"_exactmetrics_skip_tracking":false,"_exactmetrics_sitenote_active":false,"_exactmetrics_sitenote_note":"","_exactmetrics_sitenote_category":0,"footnotes":""},"class_list":["post-2308","page","type-page","status-publish","hentry"],"acf":[],"_links":{"self":[{"href":"https:\/\/www.bel-invest.com\/de\/wp-json\/wp\/v2\/pages\/2308","targetHints":{"allow":["GET"]}}],"collection":[{"href":"https:\/\/www.bel-invest.com\/de\/wp-json\/wp\/v2\/pages"}],"about":[{"href":"https:\/\/www.bel-invest.com\/de\/wp-json\/wp\/v2\/types\/page"}],"author":[{"embeddable":true,"href":"https:\/\/www.bel-invest.com\/de\/wp-json\/wp\/v2\/users\/1"}],"replies":[{"embeddable":true,"href":"https:\/\/www.bel-invest.com\/de\/wp-json\/wp\/v2\/comments?post=2308"}],"version-history":[{"count":18,"href":"https:\/\/www.bel-invest.com\/de\/wp-json\/wp\/v2\/pages\/2308\/revisions"}],"predecessor-version":[{"id":7032,"href":"https:\/\/www.bel-invest.com\/de\/wp-json\/wp\/v2\/pages\/2308\/revisions\/7032"}],"wp:attachment":[{"href":"https:\/\/www.bel-invest.com\/de\/wp-json\/wp\/v2\/media?parent=2308"}],"curies":[{"name":"wp","href":"https:\/\/api.w.org\/{rel}","templated":true}]}}